{"id":1044,"date":"2025-03-15T02:30:52","date_gmt":"2025-03-15T02:30:52","guid":{"rendered":"https:\/\/cn-fullsun.com\/?post_type=product&#038;p=1044"},"modified":"2025-03-15T08:09:35","modified_gmt":"2025-03-15T08:09:35","slug":"mrc10-101b","status":"publish","type":"product","link":"https:\/\/cn-fullsun.com\/vi\/san-pham\/mrc10-101b\/","title":{"rendered":"MRC10-101B"},"content":{"rendered":"<p>\u25ceXu h\u01b0\u1edbng phong c\u00e1ch H\u00e0n Qu\u1ed1c, v\u1edbi thi\u1ebft k\u1ebf tr\u00f2n tr\u1ecba \u0111\u00e1ng y\u00eau.<\/p>\n<p>\u25ceN\u1ed3i c\u01a1m \u0111i\u1ec7n \u0111a n\u0103ng, h\u1ed7 tr\u1ee3 l\u00ean \u0111\u1ebfn 16 ch\u1ee9c n\u0103ng.<\/p>\n<p>\u25ceM\u00e0n h\u00ecnh c\u1ea3m \u1ee9ng to\u00e0n ph\u1ea7n, ch\u1ea1m nh\u1eb9 nh\u00e0ng v\u00e0 d\u1ec5 d\u00e0ng.<\/p>\n<p>\u25ceM\u00e0n h\u00ecnh LED v\u00e0 b\u1ea3ng \u0111i\u1ec1u khi\u1ec3n IMD l\u1edbn h\u01a1n<\/p>\n<p>\u25ceCh\u1ee9c n\u0103ng c\u00e0i \u0111\u1eb7t tr\u01b0\u1edbc 24 gi\u1edd v\u00e0 b\u1ed9 nh\u1edb c\u00e0i \u0111\u1eb7t cu\u1ed1i c\u00f9ng<\/p>\n<p>\u25ce2 gi\u1edd t\u1eaft ngu\u1ed3n v\u1eabn gi\u1eef nguy\u00ean d\u1eef li\u1ec7u<\/p>\n<p>\u25ceS\u1eed d\u1ee5ng n\u1ed3i trong, an to\u00e0n v\u00e0 ti\u1ec7n l\u1ee3i.<\/p>\n<p>\u25ceM\u00e0n h\u00ecnh b\u00ean trong c\u00f3 th\u1ec3 th\u00e1o r\u1eddi c\u1ee7a n\u1eafp<\/p>","protected":false},"excerpt":{"rendered":"<p>\u25ceTrend of Korean-style, showing lovely rounded design \u25ceMulti digital rice cooker, up to 16 functions \u25ceFully touch panel, touch gently and easily \u25ceLED display and larger IMD panel \u25ce24 hours preset function and last settings memory \u25ce2 hours power off memory \u25ceHandle inner pot, use safely and conveniently \u25ceDetachable inner screen of the lid<\/p>","protected":false},"featured_media":1011,"comment_status":"closed","ping_status":"closed","template":"","meta":{"_acf_changed":false},"product_brand":[],"product_cat":[15,30],"product_tag":[],"class_list":{"0":"post-1044","1":"product","2":"type-product","3":"status-publish","4":"has-post-thumbnail","6":"product_cat-multi-function-cooker","7":"product_cat-product","9":"first","10":"instock","11":"shipping-taxable","12":"product-type-simple"},"acf":[],"_links":{"self":[{"href":"https:\/\/cn-fullsun.com\/vi\/wp-json\/wp\/v2\/product\/1044","targetHints":{"allow":["GET"]}}],"collection":[{"href":"https:\/\/cn-fullsun.com\/vi\/wp-json\/wp\/v2\/product"}],"about":[{"href":"https:\/\/cn-fullsun.com\/vi\/wp-json\/wp\/v2\/types\/product"}],"replies":[{"embeddable":true,"href":"https:\/\/cn-fullsun.com\/vi\/wp-json\/wp\/v2\/comments?post=1044"}],"wp:featuredmedia":[{"embeddable":true,"href":"https:\/\/cn-fullsun.com\/vi\/wp-json\/wp\/v2\/media\/1011"}],"wp:attachment":[{"href":"https:\/\/cn-fullsun.com\/vi\/wp-json\/wp\/v2\/media?parent=1044"}],"wp:term":[{"taxonomy":"product_brand","embeddable":true,"href":"https:\/\/cn-fullsun.com\/vi\/wp-json\/wp\/v2\/product_brand?post=1044"},{"taxonomy":"product_cat","embeddable":true,"href":"https:\/\/cn-fullsun.com\/vi\/wp-json\/wp\/v2\/product_cat?post=1044"},{"taxonomy":"product_tag","embeddable":true,"href":"https:\/\/cn-fullsun.com\/vi\/wp-json\/wp\/v2\/product_tag?post=1044"}],"curies":[{"name":"wp","href":"https:\/\/api.w.org\/{rel}","templated":true}]}}