{"id":110,"date":"2025-03-08T06:14:57","date_gmt":"2025-03-08T06:14:57","guid":{"rendered":"https:\/\/cn-fullsun.com\/?post_type=product&#038;p=110"},"modified":"2025-03-08T08:27:02","modified_gmt":"2025-03-08T08:27:02","slug":"110","status":"publish","type":"product","link":"https:\/\/cn-fullsun.com\/vi\/san-pham\/110\/","title":{"rendered":"MRC-J100"},"content":{"rendered":"<p>B\u1ea3ng \u0111i\u1ec1u khi\u1ec3n k\u1ef9 thu\u1eadt s\u1ed1<br \/>\n\u0110a ch\u1ee9c n\u0103ng \u0111\u1ec3 \u0111\u00e1p \u1ee9ng m\u1ecdi nhu c\u1ea7u n\u1ea5u n\u01b0\u1edbng c\u1ee7a b\u1ea1n<br \/>\nC\u00f4ng ngh\u1ec7 gi\u1eef \u1ea5m 3D, gi\u00fap gi\u1eef \u1ea5m hi\u1ec7u qu\u1ea3.<br \/>\nCh\u1ee9c n\u0103ng \u0111a n\u0103ng: N\u1ea5u c\u01a1m tr\u1eafng, H\u00e2m n\u00f3ng, Ch\u00e1o, Canh, H\u1ea5p<br \/>\nL\u1edbp ph\u1ee7 ch\u1ed1ng d\u00ednh tuy\u1ec7t v\u1eddi<br \/>\nPh\u1ee5 ki\u1ec7n: n\u1ed3i h\u1ea5p, c\u1ed1c \u0111o v\u00e0 th\u00eca \u0111o<\/p>","protected":false},"excerpt":{"rendered":"<p>Digital control panel Multi functions to meet your cooking needs 3D keep warm technology, good to keep warm Multi functions:White Rice,Reheat,Congee,Soup,Steam Excellent non-stick coating Accessories: steamer, measuring cup and spoon<\/p>","protected":false},"featured_media":115,"comment_status":"closed","ping_status":"closed","template":"","meta":{"_acf_changed":false},"product_brand":[],"product_cat":[15],"product_tag":[],"class_list":{"0":"post-110","1":"product","2":"type-product","3":"status-publish","4":"has-post-thumbnail","6":"product_cat-multi-function-cooker","8":"first","9":"instock","10":"shipping-taxable","11":"product-type-simple"},"acf":[],"_links":{"self":[{"href":"https:\/\/cn-fullsun.com\/vi\/wp-json\/wp\/v2\/product\/110","targetHints":{"allow":["GET"]}}],"collection":[{"href":"https:\/\/cn-fullsun.com\/vi\/wp-json\/wp\/v2\/product"}],"about":[{"href":"https:\/\/cn-fullsun.com\/vi\/wp-json\/wp\/v2\/types\/product"}],"replies":[{"embeddable":true,"href":"https:\/\/cn-fullsun.com\/vi\/wp-json\/wp\/v2\/comments?post=110"}],"wp:featuredmedia":[{"embeddable":true,"href":"https:\/\/cn-fullsun.com\/vi\/wp-json\/wp\/v2\/media\/115"}],"wp:attachment":[{"href":"https:\/\/cn-fullsun.com\/vi\/wp-json\/wp\/v2\/media?parent=110"}],"wp:term":[{"taxonomy":"product_brand","embeddable":true,"href":"https:\/\/cn-fullsun.com\/vi\/wp-json\/wp\/v2\/product_brand?post=110"},{"taxonomy":"product_cat","embeddable":true,"href":"https:\/\/cn-fullsun.com\/vi\/wp-json\/wp\/v2\/product_cat?post=110"},{"taxonomy":"product_tag","embeddable":true,"href":"https:\/\/cn-fullsun.com\/vi\/wp-json\/wp\/v2\/product_tag?post=110"}],"curies":[{"name":"wp","href":"https:\/\/api.w.org\/{rel}","templated":true}]}}