{"id":127,"date":"2025-03-08T06:25:38","date_gmt":"2025-03-08T06:25:38","guid":{"rendered":"https:\/\/cn-fullsun.com\/?post_type=product&#038;p=127"},"modified":"2025-03-08T08:27:09","modified_gmt":"2025-03-08T08:27:09","slug":"deluxe-rice-cooker-jrc-n104","status":"publish","type":"product","link":"https:\/\/cn-fullsun.com\/vi\/san-pham\/deluxe-rice-cooker-jrc-n104\/","title":{"rendered":"JRC-N104"},"content":{"rendered":"<p>N\u1ea5u ch\u00edn v\u00e0 gi\u1eef \u1ea5m<br \/>\nN\u1ed3i trong b\u1eb1ng nh\u00f4m<br \/>\nL\u1edbp ph\u1ee7 ch\u1ed1ng d\u00ednh tuy\u1ec7t v\u1eddi<br \/>\nV\u1edbi n\u1ed3i h\u1ea5p<br \/>\nPh\u1ee5 ki\u1ec7n: c\u1ed1c \u0111o v\u00e0 th\u00eca<\/p>","protected":false},"excerpt":{"rendered":"<p>Cook and keep warm Aluminum inner pot Excellent non-stick coating With steamer Accessories: measuring cup and spoon<\/p>","protected":false},"featured_media":130,"comment_status":"closed","ping_status":"closed","template":"","meta":{"_acf_changed":false},"product_brand":[],"product_cat":[20],"product_tag":[],"class_list":{"0":"post-127","1":"product","2":"type-product","3":"status-publish","4":"has-post-thumbnail","6":"product_cat-deluxe-rice-cooker","8":"first","9":"instock","10":"shipping-taxable","11":"product-type-simple"},"acf":[],"_links":{"self":[{"href":"https:\/\/cn-fullsun.com\/vi\/wp-json\/wp\/v2\/product\/127","targetHints":{"allow":["GET"]}}],"collection":[{"href":"https:\/\/cn-fullsun.com\/vi\/wp-json\/wp\/v2\/product"}],"about":[{"href":"https:\/\/cn-fullsun.com\/vi\/wp-json\/wp\/v2\/types\/product"}],"replies":[{"embeddable":true,"href":"https:\/\/cn-fullsun.com\/vi\/wp-json\/wp\/v2\/comments?post=127"}],"wp:featuredmedia":[{"embeddable":true,"href":"https:\/\/cn-fullsun.com\/vi\/wp-json\/wp\/v2\/media\/130"}],"wp:attachment":[{"href":"https:\/\/cn-fullsun.com\/vi\/wp-json\/wp\/v2\/media?parent=127"}],"wp:term":[{"taxonomy":"product_brand","embeddable":true,"href":"https:\/\/cn-fullsun.com\/vi\/wp-json\/wp\/v2\/product_brand?post=127"},{"taxonomy":"product_cat","embeddable":true,"href":"https:\/\/cn-fullsun.com\/vi\/wp-json\/wp\/v2\/product_cat?post=127"},{"taxonomy":"product_tag","embeddable":true,"href":"https:\/\/cn-fullsun.com\/vi\/wp-json\/wp\/v2\/product_tag?post=127"}],"curies":[{"name":"wp","href":"https:\/\/api.w.org\/{rel}","templated":true}]}}