{"id":132,"date":"2025-03-08T06:27:00","date_gmt":"2025-03-08T06:27:00","guid":{"rendered":"https:\/\/cn-fullsun.com\/?post_type=product&#038;p=132"},"modified":"2025-03-08T08:27:12","modified_gmt":"2025-03-08T08:27:12","slug":"deluxe-rice-cooker-jrc-fb102","status":"publish","type":"product","link":"https:\/\/cn-fullsun.com\/vi\/san-pham\/deluxe-rice-cooker-jrc-fb102\/","title":{"rendered":"JRC-FB102"},"content":{"rendered":"<p>Thi\u1ebft k\u1ebf to\u00e0n th\u00e2n kh\u00f4ng c\u00f3 n\u1eafp \u0111\u1ebf<br \/>\nN\u1ed3i n\u1ea5u t\u1ef1 \u0111\u1ed9ng v\u00e0 ch\u1ee9c n\u0103ng gi\u1eef \u1ea5m<br \/>\nN\u1ed3i trong b\u1eb1ng nh\u00f4m<br \/>\nL\u1edbp ph\u1ee7 ch\u1ed1ng d\u00ednh tuy\u1ec7t v\u1eddi<br \/>\nB\u1ea3o v\u1ec7 ch\u1ed1ng qu\u00e1 nhi\u1ec7t<br \/>\nPh\u1ee5 ki\u1ec7n: n\u1ed3i h\u1ea5p, c\u1ed1c \u0111o v\u00e0 th\u00eca \u0111o<\/p>","protected":false},"excerpt":{"rendered":"<p>Full body design without base cover Automatic cooker and keep warm function Aluminum inner pot Excellent non-stick coating High temperature protection Accessories: steamer, measuring cup and spoon<\/p>","protected":false},"featured_media":133,"comment_status":"closed","ping_status":"closed","template":"","meta":{"_acf_changed":false},"product_brand":[],"product_cat":[20],"product_tag":[],"class_list":{"0":"post-132","1":"product","2":"type-product","3":"status-publish","4":"has-post-thumbnail","6":"product_cat-deluxe-rice-cooker","8":"first","9":"instock","10":"shipping-taxable","11":"product-type-simple"},"acf":[],"_links":{"self":[{"href":"https:\/\/cn-fullsun.com\/vi\/wp-json\/wp\/v2\/product\/132","targetHints":{"allow":["GET"]}}],"collection":[{"href":"https:\/\/cn-fullsun.com\/vi\/wp-json\/wp\/v2\/product"}],"about":[{"href":"https:\/\/cn-fullsun.com\/vi\/wp-json\/wp\/v2\/types\/product"}],"replies":[{"embeddable":true,"href":"https:\/\/cn-fullsun.com\/vi\/wp-json\/wp\/v2\/comments?post=132"}],"wp:featuredmedia":[{"embeddable":true,"href":"https:\/\/cn-fullsun.com\/vi\/wp-json\/wp\/v2\/media\/133"}],"wp:attachment":[{"href":"https:\/\/cn-fullsun.com\/vi\/wp-json\/wp\/v2\/media?parent=132"}],"wp:term":[{"taxonomy":"product_brand","embeddable":true,"href":"https:\/\/cn-fullsun.com\/vi\/wp-json\/wp\/v2\/product_brand?post=132"},{"taxonomy":"product_cat","embeddable":true,"href":"https:\/\/cn-fullsun.com\/vi\/wp-json\/wp\/v2\/product_cat?post=132"},{"taxonomy":"product_tag","embeddable":true,"href":"https:\/\/cn-fullsun.com\/vi\/wp-json\/wp\/v2\/product_tag?post=132"}],"curies":[{"name":"wp","href":"https:\/\/api.w.org\/{rel}","templated":true}]}}