{"id":159,"date":"2025-03-08T07:54:24","date_gmt":"2025-03-08T07:54:24","guid":{"rendered":"https:\/\/cn-fullsun.com\/?post_type=product&#038;p=159"},"modified":"2025-03-08T08:27:23","modified_gmt":"2025-03-08T08:27:23","slug":"cylinder-rice-cooker-crc-b104s","status":"publish","type":"product","link":"https:\/\/cn-fullsun.com\/vi\/san-pham\/cylinder-rice-cooker-crc-b104s\/","title":{"rendered":"CRC-B104S"},"content":{"rendered":"<p>D\u00f9ng \u0111a n\u0103ng cho n\u1ea5u, h\u1ea7m v\u00e0 h\u1ea5p.<br \/>\nV\u1edbi n\u1ed3i h\u1ea5p b\u1eb1ng th\u00e9p kh\u00f4ng g\u1ec9<br \/>\nN\u1eafp b\u1eb1ng th\u00e9p kh\u00f4ng g\u1ec9<br \/>\nN\u1ed3i trong b\u1eb1ng th\u00e9p kh\u00f4ng g\u1ec9<br \/>\nV\u1ecf ngo\u00e0i b\u1eb1ng th\u00e9p kh\u00f4ng g\u1ec9<br \/>\nPh\u1ee5 ki\u1ec7n: c\u1ed1c \u0111o v\u00e0 th\u00eca nh\u1ef1a<\/p>","protected":false},"excerpt":{"rendered":"<p>Multi-used for cook, stew and steam With stainless steel steamer Stainless steel lid Stainless steel inner pot Stainless steel outer shell Accessories:measuring cup and plastic spoon<\/p>","protected":false},"featured_media":163,"comment_status":"closed","ping_status":"closed","template":"","meta":{"_acf_changed":false},"product_brand":[],"product_cat":[21],"product_tag":[],"class_list":{"0":"post-159","1":"product","2":"type-product","3":"status-publish","4":"has-post-thumbnail","6":"product_cat-cylinder-rice-cooker","8":"first","9":"instock","10":"shipping-taxable","11":"product-type-simple"},"acf":[],"_links":{"self":[{"href":"https:\/\/cn-fullsun.com\/vi\/wp-json\/wp\/v2\/product\/159","targetHints":{"allow":["GET"]}}],"collection":[{"href":"https:\/\/cn-fullsun.com\/vi\/wp-json\/wp\/v2\/product"}],"about":[{"href":"https:\/\/cn-fullsun.com\/vi\/wp-json\/wp\/v2\/types\/product"}],"replies":[{"embeddable":true,"href":"https:\/\/cn-fullsun.com\/vi\/wp-json\/wp\/v2\/comments?post=159"}],"wp:featuredmedia":[{"embeddable":true,"href":"https:\/\/cn-fullsun.com\/vi\/wp-json\/wp\/v2\/media\/163"}],"wp:attachment":[{"href":"https:\/\/cn-fullsun.com\/vi\/wp-json\/wp\/v2\/media?parent=159"}],"wp:term":[{"taxonomy":"product_brand","embeddable":true,"href":"https:\/\/cn-fullsun.com\/vi\/wp-json\/wp\/v2\/product_brand?post=159"},{"taxonomy":"product_cat","embeddable":true,"href":"https:\/\/cn-fullsun.com\/vi\/wp-json\/wp\/v2\/product_cat?post=159"},{"taxonomy":"product_tag","embeddable":true,"href":"https:\/\/cn-fullsun.com\/vi\/wp-json\/wp\/v2\/product_tag?post=159"}],"curies":[{"name":"wp","href":"https:\/\/api.w.org\/{rel}","templated":true}]}}