{"id":170,"date":"2025-03-08T07:57:59","date_gmt":"2025-03-08T07:57:59","guid":{"rendered":"https:\/\/cn-fullsun.com\/?post_type=product&#038;p=170"},"modified":"2025-03-08T08:27:34","modified_gmt":"2025-03-08T08:27:34","slug":"cylinder-rice-cooker-crc-b103f","status":"publish","type":"product","link":"https:\/\/cn-fullsun.com\/vi\/san-pham\/cylinder-rice-cooker-crc-b103f\/","title":{"rendered":"CRC-B103F"},"content":{"rendered":"<p>D\u00f9ng \u0111a n\u0103ng cho n\u1ea5u, h\u1ea7m v\u00e0 h\u1ea5p.<br \/>\nC\u00f3 s\u1eb5n phi\u00ean b\u1ea3n c\u00f3 n\u1ed3i h\u1ea5p v\u00e0 kh\u00f4ng c\u00f3 n\u1ed3i h\u1ea5p.<br \/>\nN\u1eafp b\u1eb1ng th\u00e9p kh\u00f4ng g\u1ec9 \/ N\u1eafp b\u1eb1ng k\u00ednh c\u01b0\u1eddng l\u1ef1c<br \/>\nN\u1ed3i trong b\u1eb1ng nh\u00f4m c\u00f3 l\u1edbp ch\u1ed1ng d\u00ednh an to\u00e0n cho th\u1ef1c ph\u1ea9m.<br \/>\nPh\u1ee5 ki\u1ec7n: C\u1ed1c \u0111o v\u00e0 th\u00eca nh\u1ef1a<\/p>","protected":false},"excerpt":{"rendered":"<p>Multi-used for cook, stew &amp; steam With steamer \/ without steamer are available Stainless steel lid \/ Tempered glass lid Aluminium inner pot with food grade safety non-stick coated Accessories: Measuring cup &amp; plastic spoon<\/p>","protected":false},"featured_media":171,"comment_status":"closed","ping_status":"closed","template":"","meta":{"_acf_changed":false},"product_brand":[],"product_cat":[21],"product_tag":[],"class_list":{"0":"post-170","1":"product","2":"type-product","3":"status-publish","4":"has-post-thumbnail","6":"product_cat-cylinder-rice-cooker","8":"first","9":"instock","10":"shipping-taxable","11":"product-type-simple"},"acf":[],"_links":{"self":[{"href":"https:\/\/cn-fullsun.com\/vi\/wp-json\/wp\/v2\/product\/170","targetHints":{"allow":["GET"]}}],"collection":[{"href":"https:\/\/cn-fullsun.com\/vi\/wp-json\/wp\/v2\/product"}],"about":[{"href":"https:\/\/cn-fullsun.com\/vi\/wp-json\/wp\/v2\/types\/product"}],"replies":[{"embeddable":true,"href":"https:\/\/cn-fullsun.com\/vi\/wp-json\/wp\/v2\/comments?post=170"}],"wp:featuredmedia":[{"embeddable":true,"href":"https:\/\/cn-fullsun.com\/vi\/wp-json\/wp\/v2\/media\/171"}],"wp:attachment":[{"href":"https:\/\/cn-fullsun.com\/vi\/wp-json\/wp\/v2\/media?parent=170"}],"wp:term":[{"taxonomy":"product_brand","embeddable":true,"href":"https:\/\/cn-fullsun.com\/vi\/wp-json\/wp\/v2\/product_brand?post=170"},{"taxonomy":"product_cat","embeddable":true,"href":"https:\/\/cn-fullsun.com\/vi\/wp-json\/wp\/v2\/product_cat?post=170"},{"taxonomy":"product_tag","embeddable":true,"href":"https:\/\/cn-fullsun.com\/vi\/wp-json\/wp\/v2\/product_tag?post=170"}],"curies":[{"name":"wp","href":"https:\/\/api.w.org\/{rel}","templated":true}]}}