{"id":227,"date":"2025-03-08T08:37:46","date_gmt":"2025-03-08T08:37:46","guid":{"rendered":"https:\/\/cn-fullsun.com\/?post_type=product&#038;p=227"},"modified":"2025-03-08T08:37:46","modified_gmt":"2025-03-08T08:37:46","slug":"drc3-7-10-d110","status":"publish","type":"product","link":"https:\/\/cn-fullsun.com\/vi\/san-pham\/drc3-7-10-d110\/","title":{"rendered":"DRC3\/7\/10-D110"},"content":{"rendered":"<div class=\"elementor-element elementor-element-ea5afba elementor-widget elementor-widget-icon-box\" data-id=\"ea5afba\" data-element_type=\"widget\" data-widget_type=\"icon-box.default\">\n<div class=\"elementor-widget-container\">\n<div class=\"elementor-icon-box-wrapper\">\n<div class=\"elementor-icon-box-content\">\n<p class=\"elementor-icon-box-description\">3 c\u1ed1c\/0,6 l\u00edt; 7 c\u1ed1c\/1,5 l\u00edt; 10 c\u1ed1c\/1,8 l\u00edt<br \/>\nCh\u1ee9c n\u0103ng n\u1ea5u t\u1ef1 \u0111\u1ed9ng v\u00e0 gi\u1eef \u1ea5m<br \/>\nN\u1eafp k\u00ednh c\u01b0\u1eddng l\u1ef1c<br \/>\nN\u1ed3i trong b\u1eb1ng nh\u00f4m c\u00f3 l\u1edbp ch\u1ed1ng d\u00ednh an to\u00e0n cho th\u1ef1c ph\u1ea9m.<br \/>\nPh\u1ee5 ki\u1ec7n: c\u1ed1c \u0111o v\u00e0 th\u00eca<\/p>\n<\/div>\n<\/div>\n<\/div>\n<\/div>\n<div class=\"elementor-element elementor-element-f029211 elementor-widget elementor-widget-icon-box\" data-id=\"f029211\" data-element_type=\"widget\" data-widget_type=\"icon-box.default\">\n<div class=\"elementor-widget-container\">\n<div class=\"elementor-icon-box-wrapper\">\n<div class=\"elementor-icon-box-content\"><\/div>\n<\/div>\n<\/div>\n<\/div>","protected":false},"excerpt":{"rendered":"<p>3cups\/0.6L; 7cups\/1.5L; 10cups\/1.8L Auto cook and keep warm function Tempered glass lid Aluminum inner pot with food safety non-stick coating Accessories: measuring cup and spoon<\/p>","protected":false},"featured_media":228,"comment_status":"closed","ping_status":"closed","template":"","meta":{"_acf_changed":false},"product_brand":[],"product_cat":[26],"product_tag":[],"class_list":{"0":"post-227","1":"product","2":"type-product","3":"status-publish","4":"has-post-thumbnail","6":"product_cat-drum-rice-cooker","8":"first","9":"instock","10":"shipping-taxable","11":"product-type-simple"},"acf":[],"_links":{"self":[{"href":"https:\/\/cn-fullsun.com\/vi\/wp-json\/wp\/v2\/product\/227","targetHints":{"allow":["GET"]}}],"collection":[{"href":"https:\/\/cn-fullsun.com\/vi\/wp-json\/wp\/v2\/product"}],"about":[{"href":"https:\/\/cn-fullsun.com\/vi\/wp-json\/wp\/v2\/types\/product"}],"replies":[{"embeddable":true,"href":"https:\/\/cn-fullsun.com\/vi\/wp-json\/wp\/v2\/comments?post=227"}],"wp:featuredmedia":[{"embeddable":true,"href":"https:\/\/cn-fullsun.com\/vi\/wp-json\/wp\/v2\/media\/228"}],"wp:attachment":[{"href":"https:\/\/cn-fullsun.com\/vi\/wp-json\/wp\/v2\/media?parent=227"}],"wp:term":[{"taxonomy":"product_brand","embeddable":true,"href":"https:\/\/cn-fullsun.com\/vi\/wp-json\/wp\/v2\/product_brand?post=227"},{"taxonomy":"product_cat","embeddable":true,"href":"https:\/\/cn-fullsun.com\/vi\/wp-json\/wp\/v2\/product_cat?post=227"},{"taxonomy":"product_tag","embeddable":true,"href":"https:\/\/cn-fullsun.com\/vi\/wp-json\/wp\/v2\/product_tag?post=227"}],"curies":[{"name":"wp","href":"https:\/\/api.w.org\/{rel}","templated":true}]}}