{"id":234,"date":"2025-03-08T08:40:11","date_gmt":"2025-03-08T08:40:11","guid":{"rendered":"https:\/\/cn-fullsun.com\/?post_type=product&#038;p=234"},"modified":"2025-03-08T08:40:11","modified_gmt":"2025-03-08T08:40:11","slug":"drc-b108","status":"publish","type":"product","link":"https:\/\/cn-fullsun.com\/vi\/san-pham\/drc-b108\/","title":{"rendered":"DRC-B108"},"content":{"rendered":"<p>3 c\u1ed1c\/0,6 l\u00edt; 5 c\u1ed1c\/1,0 l\u00edt; 7 c\u1ed1c\/1,5 l\u00edt; 10 c\u1ed1c\/1,8 l\u00edt 12 c\u1ed1c\/2,2 l\u00edt; 15 c\u1ed1c\/2,8 l\u00edt<br \/>\nN\u1ea5u v\u00e0 gi\u1eef \u1ea5m t\u1ef1 \u0111\u1ed9ng<br \/>\nN\u1eafp b\u1eb1ng th\u00e9p kh\u00f4ng g\u1ec9 \/ K\u00ednh c\u01b0\u1eddng l\u1ef1c<br \/>\nN\u1ed3i trong b\u1eb1ng nh\u00f4m c\u00f3 l\u1edbp ch\u1ed1ng d\u00ednh an to\u00e0n cho th\u1ef1c ph\u1ea9m.<br \/>\nPh\u1ee5 ki\u1ec7n: c\u1ed1c \u0111o v\u00e0 th\u00eca<\/p>","protected":false},"excerpt":{"rendered":"<p>3cups\/0.6L;5 cups\/1.0L; 7cups\/1.5L; 10cups\/1.8L 12cups\/2.2L; 15cups\/2.8L Cook and keep warm automatically Stainless steel \/Tempered glass lid Aluminum inner pot with food safety non-stick coating Accessories: measuring cup and spoon<\/p>","protected":false},"featured_media":235,"comment_status":"closed","ping_status":"closed","template":"","meta":{"_acf_changed":false},"product_brand":[],"product_cat":[26],"product_tag":[],"class_list":{"0":"post-234","1":"product","2":"type-product","3":"status-publish","4":"has-post-thumbnail","6":"product_cat-drum-rice-cooker","8":"first","9":"instock","10":"shipping-taxable","11":"product-type-simple"},"acf":[],"_links":{"self":[{"href":"https:\/\/cn-fullsun.com\/vi\/wp-json\/wp\/v2\/product\/234","targetHints":{"allow":["GET"]}}],"collection":[{"href":"https:\/\/cn-fullsun.com\/vi\/wp-json\/wp\/v2\/product"}],"about":[{"href":"https:\/\/cn-fullsun.com\/vi\/wp-json\/wp\/v2\/types\/product"}],"replies":[{"embeddable":true,"href":"https:\/\/cn-fullsun.com\/vi\/wp-json\/wp\/v2\/comments?post=234"}],"wp:featuredmedia":[{"embeddable":true,"href":"https:\/\/cn-fullsun.com\/vi\/wp-json\/wp\/v2\/media\/235"}],"wp:attachment":[{"href":"https:\/\/cn-fullsun.com\/vi\/wp-json\/wp\/v2\/media?parent=234"}],"wp:term":[{"taxonomy":"product_brand","embeddable":true,"href":"https:\/\/cn-fullsun.com\/vi\/wp-json\/wp\/v2\/product_brand?post=234"},{"taxonomy":"product_cat","embeddable":true,"href":"https:\/\/cn-fullsun.com\/vi\/wp-json\/wp\/v2\/product_cat?post=234"},{"taxonomy":"product_tag","embeddable":true,"href":"https:\/\/cn-fullsun.com\/vi\/wp-json\/wp\/v2\/product_tag?post=234"}],"curies":[{"name":"wp","href":"https:\/\/api.w.org\/{rel}","templated":true}]}}