{"id":236,"date":"2025-03-08T08:42:51","date_gmt":"2025-03-08T08:42:51","guid":{"rendered":"https:\/\/cn-fullsun.com\/?post_type=product&#038;p=236"},"modified":"2025-03-08T08:42:51","modified_gmt":"2025-03-08T08:42:51","slug":"drc-b104","status":"publish","type":"product","link":"https:\/\/cn-fullsun.com\/vi\/san-pham\/drc-b104\/","title":{"rendered":"DRC-B104"},"content":{"rendered":"<p>3 c\u1ed1c\/0,6 l\u00edt; 5 c\u1ed1c\/1,0 l\u00edt; 7 c\u1ed1c\/1,5 l\u00edt; 10 c\u1ed1c\/1,8 l\u00edt; 12 c\u1ed1c\/2,2 l\u00edt; 15 c\u1ed1c\/2,8 l\u00edt<br \/>\n\u0110\u1ed3ng h\u1ed3 h\u1eb9n gi\u1edd c\u01a1 h\u1ecdc quay 90 ph\u00fat (g\u1ea1o th\u01b0\u1eddng\/g\u1ea1o gi\u00f2n)<br \/>\nN\u00fat xoay l\u1edbn c\u00f3 ch\u1ec9 b\u00e1o \u0111\u1ed9 n\u00e2u<br \/>\nN\u1ed3i trong b\u1eb1ng nh\u00f4m c\u00f3 l\u1edbp ph\u1ee7 an to\u00e0n th\u1ef1c ph\u1ea9m<br \/>\n\u0110\u00e8n b\u00e1o ngu\u1ed3n<br \/>\nPh\u1ee5 ki\u1ec7n: th\u00eca nh\u1ef1a, c\u1ed1c \u0111o l\u01b0\u1eddng<\/p>","protected":false},"excerpt":{"rendered":"<p>3cups\/0.6L;5 cups\/1.0L; 7cups\/1.5L; 10cups\/1.8L;12cups\/2.2L; 15cups\/2.8L 90 minutes mechanical rotary timer (normal rice\/ crispy rice) Large rotary knob with browning indicator Aluminum inner pot with food safety coating Power indicator light Accessories: plastic spoon, measuring cup<\/p>","protected":false},"featured_media":238,"comment_status":"closed","ping_status":"closed","template":"","meta":{"_acf_changed":false},"product_brand":[],"product_cat":[26],"product_tag":[],"class_list":{"0":"post-236","1":"product","2":"type-product","3":"status-publish","4":"has-post-thumbnail","6":"product_cat-drum-rice-cooker","8":"first","9":"instock","10":"shipping-taxable","11":"product-type-simple"},"acf":[],"_links":{"self":[{"href":"https:\/\/cn-fullsun.com\/vi\/wp-json\/wp\/v2\/product\/236","targetHints":{"allow":["GET"]}}],"collection":[{"href":"https:\/\/cn-fullsun.com\/vi\/wp-json\/wp\/v2\/product"}],"about":[{"href":"https:\/\/cn-fullsun.com\/vi\/wp-json\/wp\/v2\/types\/product"}],"replies":[{"embeddable":true,"href":"https:\/\/cn-fullsun.com\/vi\/wp-json\/wp\/v2\/comments?post=236"}],"wp:featuredmedia":[{"embeddable":true,"href":"https:\/\/cn-fullsun.com\/vi\/wp-json\/wp\/v2\/media\/238"}],"wp:attachment":[{"href":"https:\/\/cn-fullsun.com\/vi\/wp-json\/wp\/v2\/media?parent=236"}],"wp:term":[{"taxonomy":"product_brand","embeddable":true,"href":"https:\/\/cn-fullsun.com\/vi\/wp-json\/wp\/v2\/product_brand?post=236"},{"taxonomy":"product_cat","embeddable":true,"href":"https:\/\/cn-fullsun.com\/vi\/wp-json\/wp\/v2\/product_cat?post=236"},{"taxonomy":"product_tag","embeddable":true,"href":"https:\/\/cn-fullsun.com\/vi\/wp-json\/wp\/v2\/product_tag?post=236"}],"curies":[{"name":"wp","href":"https:\/\/api.w.org\/{rel}","templated":true}]}}