{"id":85,"date":"2025-03-08T03:43:46","date_gmt":"2025-03-08T03:43:46","guid":{"rendered":"https:\/\/cn-fullsun.com\/?post_type=product&#038;p=85"},"modified":"2025-03-08T08:24:31","modified_gmt":"2025-03-08T08:24:31","slug":"multi-function-cooker-ih-501azt","status":"publish","type":"product","link":"https:\/\/cn-fullsun.com\/vi\/san-pham\/multi-function-cooker-ih-501azt\/","title":{"rendered":"IH-501AZT"},"content":{"rendered":"<p>N\u1ed3i \u0111a n\u0103ng IH<br \/>\nB\u1ea3ng \u0111i\u1ec1u khi\u1ec3n c\u1ea3m \u1ee9ng Sky-touch IMD<br \/>\nM\u00e0n h\u00ecnh LED m\u00e0u s\u1eafc r\u1ef1c r\u1ee1 k\u00edch th\u01b0\u1edbc si\u00eau l\u1edbn<br \/>\nM\u00e1y t\u00ednh vi x\u1eed l\u00fd th\u00f4ng minh<br \/>\n\u0110\u0129a \u0111i\u1ec7n t\u1eeb Arc IH<br \/>\nN\u1ed3i gang th\u00e9p c\u00f3 b\u00e1nh xe<br \/>\nN\u1ed3i gang si\u00eau b\u1ec1n ho\u1eb7c n\u1ed3i h\u1ee3p kim th\u00e9p nh\u00f4m<br \/>\nCh\u1ebf \u0111\u1ed9 n\u1ea5u t\u1ef1 \u0111\u1ed9ng 24 gi\u1edd v\u00e0 b\u1ed9 nh\u1edb t\u1eaft ngu\u1ed3n<br \/>\nTh\u1eddi gian v\u00e0 nhi\u1ec7t \u0111\u1ed9 n\u1ea5u c\u00f3 th\u1ec3 \u0111i\u1ec1u ch\u1ec9nh<\/p>","protected":false},"excerpt":{"rendered":"<p>IH heating Multi cooker Sky-touch IMD sensor touch panel Super large colorful LED display Intelligent microcomputer Arc IH electromagnetic disk Wheeled crystal steel caldron Super stronger iron pot or steel aluminum composite pot 24 hours preset cooking and power off memory Adjustable cooking time and temperature<\/p>","protected":false},"featured_media":86,"comment_status":"closed","ping_status":"closed","template":"","meta":{"_acf_changed":false},"product_brand":[],"product_cat":[15],"product_tag":[],"class_list":{"0":"post-85","1":"product","2":"type-product","3":"status-publish","4":"has-post-thumbnail","6":"product_cat-multi-function-cooker","8":"first","9":"instock","10":"shipping-taxable","11":"product-type-simple"},"acf":[],"_links":{"self":[{"href":"https:\/\/cn-fullsun.com\/vi\/wp-json\/wp\/v2\/product\/85","targetHints":{"allow":["GET"]}}],"collection":[{"href":"https:\/\/cn-fullsun.com\/vi\/wp-json\/wp\/v2\/product"}],"about":[{"href":"https:\/\/cn-fullsun.com\/vi\/wp-json\/wp\/v2\/types\/product"}],"replies":[{"embeddable":true,"href":"https:\/\/cn-fullsun.com\/vi\/wp-json\/wp\/v2\/comments?post=85"}],"wp:featuredmedia":[{"embeddable":true,"href":"https:\/\/cn-fullsun.com\/vi\/wp-json\/wp\/v2\/media\/86"}],"wp:attachment":[{"href":"https:\/\/cn-fullsun.com\/vi\/wp-json\/wp\/v2\/media?parent=85"}],"wp:term":[{"taxonomy":"product_brand","embeddable":true,"href":"https:\/\/cn-fullsun.com\/vi\/wp-json\/wp\/v2\/product_brand?post=85"},{"taxonomy":"product_cat","embeddable":true,"href":"https:\/\/cn-fullsun.com\/vi\/wp-json\/wp\/v2\/product_cat?post=85"},{"taxonomy":"product_tag","embeddable":true,"href":"https:\/\/cn-fullsun.com\/vi\/wp-json\/wp\/v2\/product_tag?post=85"}],"curies":[{"name":"wp","href":"https:\/\/api.w.org\/{rel}","templated":true}]}}