{"id":88,"date":"2025-03-08T06:03:44","date_gmt":"2025-03-08T06:03:44","guid":{"rendered":"https:\/\/cn-fullsun.com\/?post_type=product&#038;p=88"},"modified":"2025-03-08T08:24:43","modified_gmt":"2025-03-08T08:24:43","slug":"multi-function-cooker-mrc-104","status":"publish","type":"product","link":"https:\/\/cn-fullsun.com\/vi\/san-pham\/multi-function-cooker-mrc-104\/","title":{"rendered":"MRC-104"},"content":{"rendered":"<p>M\u00e0n h\u00ecnh LCD. Thi\u1ebft k\u1ebf th\u1eddi trang, b\u1eaft m\u1eaft.<br \/>\nThi\u1ebft k\u1ebf \u0111i\u1ec1u ch\u1ec9nh th\u1eddi gian linh ho\u1ea1t. D\u1ec5 d\u00e0ng \u0111i\u1ec1u ch\u1ec9nh.<br \/>\nB\u1ed9 nh\u1edb th\u1eddi gian t\u1eaft ngu\u1ed3n, ti\u1ebfp t\u1ee5c th\u1ef1c thi ch\u01b0\u01a1ng tr\u00ecnh g\u1ed1c trong tr\u01b0\u1eddng h\u1ee3p t\u1eaft ngu\u1ed3n ng\u1eafn h\u1ea1n.<br \/>\nCh\u1ee9c n\u0103ng c\u00e0i \u0111\u1eb7t tr\u01b0\u1edbc 24 gi\u1edd.<br \/>\n\u0110a ch\u1ee9c n\u0103ng \u0111\u1ec3 \u0111\u00e1p \u1ee9ng m\u1ecdi nhu c\u1ea7u n\u1ea5u n\u01b0\u1edbng c\u1ee7a b\u1ea1n.<br \/>\nM\u00e0n h\u00ecnh hi\u1ec3n th\u1ecb th\u1eddi gian ng\u01b0\u1ee3c cho n\u1ea5u \u0103n, gi\u1eef t\u01b0\u01a1i v\u00e0 \u1ea5m.<br \/>\nVan h\u01a1i l\u1edbn ch\u1ed1ng tr\u00e0n v\u00e0 ch\u1ed1ng \u1ea9m. N\u1eafp ch\u1ed1ng tr\u00e0n c\u00f3 th\u1ec3 th\u00e1o r\u1eddi.<br \/>\nPh\u1ee5 ki\u1ec7n: c\u1ed1c \u0111o, d\u00e2y ngu\u1ed3n, n\u1ed3i h\u1ea5p, th\u00eca c\u01a1m v\u00e0 th\u00eca canh.<\/p>","protected":false},"excerpt":{"rendered":"<p>LCD display. Attractive fashionable design Plus\/mins time adjusted design. convenient to adjust. Power-off time memory, continue to operate original program for short power-off. 24 hour preset function. Multi functions to satisfy all your cooking needs. Counter-time display for cooking, keeping fresh and warm. Large steam valve for spill-proof and moisture. Detachable wash spill-proof lid. Accessories: [&hellip;]<\/p>","protected":false},"featured_media":94,"comment_status":"closed","ping_status":"closed","template":"","meta":{"_acf_changed":false},"product_brand":[],"product_cat":[15],"product_tag":[],"class_list":{"0":"post-88","1":"product","2":"type-product","3":"status-publish","4":"has-post-thumbnail","6":"product_cat-multi-function-cooker","8":"first","9":"instock","10":"shipping-taxable","11":"product-type-simple"},"acf":[],"_links":{"self":[{"href":"https:\/\/cn-fullsun.com\/vi\/wp-json\/wp\/v2\/product\/88","targetHints":{"allow":["GET"]}}],"collection":[{"href":"https:\/\/cn-fullsun.com\/vi\/wp-json\/wp\/v2\/product"}],"about":[{"href":"https:\/\/cn-fullsun.com\/vi\/wp-json\/wp\/v2\/types\/product"}],"replies":[{"embeddable":true,"href":"https:\/\/cn-fullsun.com\/vi\/wp-json\/wp\/v2\/comments?post=88"}],"wp:featuredmedia":[{"embeddable":true,"href":"https:\/\/cn-fullsun.com\/vi\/wp-json\/wp\/v2\/media\/94"}],"wp:attachment":[{"href":"https:\/\/cn-fullsun.com\/vi\/wp-json\/wp\/v2\/media?parent=88"}],"wp:term":[{"taxonomy":"product_brand","embeddable":true,"href":"https:\/\/cn-fullsun.com\/vi\/wp-json\/wp\/v2\/product_brand?post=88"},{"taxonomy":"product_cat","embeddable":true,"href":"https:\/\/cn-fullsun.com\/vi\/wp-json\/wp\/v2\/product_cat?post=88"},{"taxonomy":"product_tag","embeddable":true,"href":"https:\/\/cn-fullsun.com\/vi\/wp-json\/wp\/v2\/product_tag?post=88"}],"curies":[{"name":"wp","href":"https:\/\/api.w.org\/{rel}","templated":true}]}}