{"id":882,"date":"2025-03-14T15:16:32","date_gmt":"2025-03-14T15:16:32","guid":{"rendered":"https:\/\/cn-fullsun.com\/?post_type=product&#038;p=882"},"modified":"2025-03-15T07:50:14","modified_gmt":"2025-03-15T07:50:14","slug":"jrc10-fs102","status":"publish","type":"product","link":"https:\/\/cn-fullsun.com\/vi\/san-pham\/jrc10-fs102\/","title":{"rendered":"JRC10-FS102"},"content":{"rendered":"<p>\u25ceCh\u1ee9c n\u0103ng n\u1ea5u t\u1ef1 \u0111\u1ed9ng v\u00e0 gi\u1eef \u1ea5m<\/p>\n<p>\u25ceC\u00f4ng ngh\u1ec7 gi\u1eef \u1ea5m 3D, gi\u00fap gi\u1eef \u1ea5m hi\u1ec7u qu\u1ea3.<\/p>\n<p>\u25ceAn to\u00e0n th\u1ef1c ph\u1ea9m v\u1edbi l\u1edbp ph\u1ee7 ch\u1ed1ng d\u00ednh tuy\u1ec7t v\u1eddi<\/p>\n<p>\u25cePh\u1ee5 ki\u1ec7n: c\u1ed1c \u0111o v\u00e0 th\u00eca<\/p>","protected":false},"excerpt":{"rendered":"<p>\u25ceAutomatic cook and keep warm function \u25ce3D keep warm technology, good to keep warm \u25ceFood safety excellent non-stick coating \u25ceAccessories: measuring cup and spoon<\/p>","protected":false},"featured_media":886,"comment_status":"closed","ping_status":"closed","template":"","meta":{"_acf_changed":false},"product_brand":[],"product_cat":[20,30],"product_tag":[],"class_list":{"0":"post-882","1":"product","2":"type-product","3":"status-publish","4":"has-post-thumbnail","6":"product_cat-deluxe-rice-cooker","7":"product_cat-product","9":"first","10":"instock","11":"shipping-taxable","12":"product-type-simple"},"acf":[],"_links":{"self":[{"href":"https:\/\/cn-fullsun.com\/vi\/wp-json\/wp\/v2\/product\/882","targetHints":{"allow":["GET"]}}],"collection":[{"href":"https:\/\/cn-fullsun.com\/vi\/wp-json\/wp\/v2\/product"}],"about":[{"href":"https:\/\/cn-fullsun.com\/vi\/wp-json\/wp\/v2\/types\/product"}],"replies":[{"embeddable":true,"href":"https:\/\/cn-fullsun.com\/vi\/wp-json\/wp\/v2\/comments?post=882"}],"wp:featuredmedia":[{"embeddable":true,"href":"https:\/\/cn-fullsun.com\/vi\/wp-json\/wp\/v2\/media\/886"}],"wp:attachment":[{"href":"https:\/\/cn-fullsun.com\/vi\/wp-json\/wp\/v2\/media?parent=882"}],"wp:term":[{"taxonomy":"product_brand","embeddable":true,"href":"https:\/\/cn-fullsun.com\/vi\/wp-json\/wp\/v2\/product_brand?post=882"},{"taxonomy":"product_cat","embeddable":true,"href":"https:\/\/cn-fullsun.com\/vi\/wp-json\/wp\/v2\/product_cat?post=882"},{"taxonomy":"product_tag","embeddable":true,"href":"https:\/\/cn-fullsun.com\/vi\/wp-json\/wp\/v2\/product_tag?post=882"}],"curies":[{"name":"wp","href":"https:\/\/api.w.org\/{rel}","templated":true}]}}