{"id":921,"date":"2025-03-15T00:14:10","date_gmt":"2025-03-15T00:14:10","guid":{"rendered":"https:\/\/cn-fullsun.com\/?post_type=product&#038;p=921"},"modified":"2025-04-10T11:12:16","modified_gmt":"2025-04-10T11:12:16","slug":"jrc5-y107","status":"publish","type":"product","link":"https:\/\/cn-fullsun.com\/vi\/san-pham\/jrc5-y107\/","title":{"rendered":"JRC5\/7-Y107"},"content":{"rendered":"<p>\u25ceN\u1ed3i c\u01a1m \u0111i\u1ec7n b\u1eb1ng nh\u1ef1a nguy\u00ean kh\u1ed1i<br \/>\n\u25ceCh\u1ee9c n\u0103ng n\u1ea5u t\u1ef1 \u0111\u1ed9ng v\u00e0 gi\u1eef \u1ea5m<br \/>\n\u25ceN\u1ed3i trong b\u1eb1ng nh\u00f4m \u0111\u1ea1t ti\u00eau chu\u1ea9n an to\u00e0n th\u1ef1c ph\u1ea9m<br \/>\n\u25ceV\u1edbi v\u00f2ng trang tr\u00ed th\u1eddi trang<br \/>\n\u25cePh\u1ee5 ki\u1ec7n: c\u1ed1c \u0111o v\u00e0 th\u00eca<\/p>","protected":false},"excerpt":{"rendered":"<p>\u25ceFull plastic rice cooker \u25ceAutomatic cook and keep warm function \u25ceFood grade aluminum inner pot \u25ceWith fashionable decoration ring \u25ceAccessories: measuring cup and spoon<\/p>","protected":false},"featured_media":923,"comment_status":"closed","ping_status":"closed","template":"","meta":{"_acf_changed":false},"product_brand":[],"product_cat":[20,30],"product_tag":[],"class_list":{"0":"post-921","1":"product","2":"type-product","3":"status-publish","4":"has-post-thumbnail","6":"product_cat-deluxe-rice-cooker","7":"product_cat-product","9":"first","10":"instock","11":"shipping-taxable","12":"product-type-simple"},"acf":[],"_links":{"self":[{"href":"https:\/\/cn-fullsun.com\/vi\/wp-json\/wp\/v2\/product\/921","targetHints":{"allow":["GET"]}}],"collection":[{"href":"https:\/\/cn-fullsun.com\/vi\/wp-json\/wp\/v2\/product"}],"about":[{"href":"https:\/\/cn-fullsun.com\/vi\/wp-json\/wp\/v2\/types\/product"}],"replies":[{"embeddable":true,"href":"https:\/\/cn-fullsun.com\/vi\/wp-json\/wp\/v2\/comments?post=921"}],"wp:featuredmedia":[{"embeddable":true,"href":"https:\/\/cn-fullsun.com\/vi\/wp-json\/wp\/v2\/media\/923"}],"wp:attachment":[{"href":"https:\/\/cn-fullsun.com\/vi\/wp-json\/wp\/v2\/media?parent=921"}],"wp:term":[{"taxonomy":"product_brand","embeddable":true,"href":"https:\/\/cn-fullsun.com\/vi\/wp-json\/wp\/v2\/product_brand?post=921"},{"taxonomy":"product_cat","embeddable":true,"href":"https:\/\/cn-fullsun.com\/vi\/wp-json\/wp\/v2\/product_cat?post=921"},{"taxonomy":"product_tag","embeddable":true,"href":"https:\/\/cn-fullsun.com\/vi\/wp-json\/wp\/v2\/product_tag?post=921"}],"curies":[{"name":"wp","href":"https:\/\/api.w.org\/{rel}","templated":true}]}}