{"id":936,"date":"2025-03-15T00:30:24","date_gmt":"2025-03-15T00:30:24","guid":{"rendered":"https:\/\/cn-fullsun.com\/?post_type=product&#038;p=936"},"modified":"2025-03-15T08:00:10","modified_gmt":"2025-03-15T08:00:10","slug":"jrc-e101f","status":"publish","type":"product","link":"https:\/\/cn-fullsun.com\/vi\/san-pham\/jrc-e101f\/","title":{"rendered":"JRC-E101F"},"content":{"rendered":"<p>\u25ceV\u1ecf ngo\u00e0i b\u1eb1ng th\u00e9p kh\u00f4ng g\u1ec9<br \/>\n\u25ceCh\u1ee9c n\u0103ng n\u1ea5u t\u1ef1 \u0111\u1ed9ng v\u00e0 gi\u1eef \u1ea5m<br \/>\n\u25ceN\u1ed3i trong b\u1eb1ng nh\u00f4m<br \/>\n\u25ceL\u1edbp ph\u1ee7 ch\u1ed1ng d\u00ednh tuy\u1ec7t v\u1eddi<br \/>\n\u25cePh\u1ee5 ki\u1ec7n: n\u1ed3i h\u1ea5p, c\u1ed1c \u0111o v\u00e0 th\u00eca nh\u1ef1a<\/p>","protected":false},"excerpt":{"rendered":"<p>\u25ceStainless steel out shell \u25ceAutomatic cooker and keep warm function \u25ceAluminum inner pot \u25ceExcellent non-stick coating \u25ceAccessories: steamer, measuring cup and plastic spoon<\/p>","protected":false},"featured_media":945,"comment_status":"closed","ping_status":"closed","template":"","meta":{"_acf_changed":false},"product_brand":[],"product_cat":[20,30],"product_tag":[],"class_list":{"0":"post-936","1":"product","2":"type-product","3":"status-publish","4":"has-post-thumbnail","6":"product_cat-deluxe-rice-cooker","7":"product_cat-product","9":"first","10":"instock","11":"shipping-taxable","12":"product-type-simple"},"acf":[],"_links":{"self":[{"href":"https:\/\/cn-fullsun.com\/vi\/wp-json\/wp\/v2\/product\/936","targetHints":{"allow":["GET"]}}],"collection":[{"href":"https:\/\/cn-fullsun.com\/vi\/wp-json\/wp\/v2\/product"}],"about":[{"href":"https:\/\/cn-fullsun.com\/vi\/wp-json\/wp\/v2\/types\/product"}],"replies":[{"embeddable":true,"href":"https:\/\/cn-fullsun.com\/vi\/wp-json\/wp\/v2\/comments?post=936"}],"wp:featuredmedia":[{"embeddable":true,"href":"https:\/\/cn-fullsun.com\/vi\/wp-json\/wp\/v2\/media\/945"}],"wp:attachment":[{"href":"https:\/\/cn-fullsun.com\/vi\/wp-json\/wp\/v2\/media?parent=936"}],"wp:term":[{"taxonomy":"product_brand","embeddable":true,"href":"https:\/\/cn-fullsun.com\/vi\/wp-json\/wp\/v2\/product_brand?post=936"},{"taxonomy":"product_cat","embeddable":true,"href":"https:\/\/cn-fullsun.com\/vi\/wp-json\/wp\/v2\/product_cat?post=936"},{"taxonomy":"product_tag","embeddable":true,"href":"https:\/\/cn-fullsun.com\/vi\/wp-json\/wp\/v2\/product_tag?post=936"}],"curies":[{"name":"wp","href":"https:\/\/api.w.org\/{rel}","templated":true}]}}