{"id":954,"date":"2025-03-15T00:37:13","date_gmt":"2025-03-15T00:37:13","guid":{"rendered":"https:\/\/cn-fullsun.com\/?post_type=product&#038;p=954"},"modified":"2025-03-15T08:01:30","modified_gmt":"2025-03-15T08:01:30","slug":"drc10-a106","status":"publish","type":"product","link":"https:\/\/cn-fullsun.com\/vi\/san-pham\/drc10-a106\/","title":{"rendered":"DRC3\/7\/10-A106"},"content":{"rendered":"<p>\u25ce3 c\u1ed1c\/0,6 l\u00edt; 7 c\u1ed1c\/1,5 l\u00edt; 10 c\u1ed1c\/1,8 l\u00edt<\/p>\n<p>\u25ceCh\u1ee9c n\u0103ng n\u1ea5u t\u1ef1 \u0111\u1ed9ng v\u00e0 gi\u1eef \u1ea5m<\/p>\n<p>\u25ceN\u1eafp k\u00ednh c\u01b0\u1eddng l\u1ef1c<\/p>\n<p>\u25ceN\u1ed3i trong b\u1eb1ng nh\u00f4m c\u00f3 ho\u1eb7c kh\u00f4ng c\u00f3 l\u1edbp ph\u1ee7<\/p>\n<p>\u25cePh\u1ee5 ki\u1ec7n: c\u1ed1c \u0111o v\u00e0 th\u00eca<\/p>","protected":false},"excerpt":{"rendered":"<p>\u25ce3cups\/0.6L; 7cups\/1.5L; 10cups\/1.8L \u25ceAuto cook and keep warm function \u25ceTempered glass lid \u25ceAluminum inner pot with or without coating \u25ceAccessories: measuring cup and spoon<\/p>","protected":false},"featured_media":956,"comment_status":"closed","ping_status":"closed","template":"","meta":{"_acf_changed":false},"product_brand":[],"product_cat":[26,30],"product_tag":[],"class_list":{"0":"post-954","1":"product","2":"type-product","3":"status-publish","4":"has-post-thumbnail","6":"product_cat-drum-rice-cooker","7":"product_cat-product","9":"first","10":"instock","11":"shipping-taxable","12":"product-type-simple"},"acf":[],"_links":{"self":[{"href":"https:\/\/cn-fullsun.com\/vi\/wp-json\/wp\/v2\/product\/954","targetHints":{"allow":["GET"]}}],"collection":[{"href":"https:\/\/cn-fullsun.com\/vi\/wp-json\/wp\/v2\/product"}],"about":[{"href":"https:\/\/cn-fullsun.com\/vi\/wp-json\/wp\/v2\/types\/product"}],"replies":[{"embeddable":true,"href":"https:\/\/cn-fullsun.com\/vi\/wp-json\/wp\/v2\/comments?post=954"}],"wp:featuredmedia":[{"embeddable":true,"href":"https:\/\/cn-fullsun.com\/vi\/wp-json\/wp\/v2\/media\/956"}],"wp:attachment":[{"href":"https:\/\/cn-fullsun.com\/vi\/wp-json\/wp\/v2\/media?parent=954"}],"wp:term":[{"taxonomy":"product_brand","embeddable":true,"href":"https:\/\/cn-fullsun.com\/vi\/wp-json\/wp\/v2\/product_brand?post=954"},{"taxonomy":"product_cat","embeddable":true,"href":"https:\/\/cn-fullsun.com\/vi\/wp-json\/wp\/v2\/product_cat?post=954"},{"taxonomy":"product_tag","embeddable":true,"href":"https:\/\/cn-fullsun.com\/vi\/wp-json\/wp\/v2\/product_tag?post=954"}],"curies":[{"name":"wp","href":"https:\/\/api.w.org\/{rel}","templated":true}]}}