{"id":959,"date":"2025-03-15T00:41:26","date_gmt":"2025-03-15T00:41:26","guid":{"rendered":"https:\/\/cn-fullsun.com\/?post_type=product&#038;p=959"},"modified":"2025-03-15T08:02:16","modified_gmt":"2025-03-15T08:02:16","slug":"drc3-d110","status":"publish","type":"product","link":"https:\/\/cn-fullsun.com\/vi\/san-pham\/drc3-d110\/","title":{"rendered":"DRC-D110"},"content":{"rendered":"<p>\u25ce3 c\u1ed1c\/0,6 l\u00edt; 7 c\u1ed1c\/1,5 l\u00edt; 10 c\u1ed1c\/1,8 l\u00edt<br \/>\n\u25ceCh\u1ee9c n\u0103ng n\u1ea5u v\u00e0 gi\u1eef \u1ea5m<br \/>\n\u25ceN\u1eafp k\u00ednh c\u01b0\u1eddng l\u1ef1c<br \/>\n\u25ceN\u1ed3i trong b\u1eb1ng nh\u00f4m<br \/>\n\u25cePh\u1ee5 ki\u1ec7n: c\u1ed1c \u0111o v\u00e0 th\u00eca<\/p>","protected":false},"excerpt":{"rendered":"<p>\u25ce3cups\/0.6L; 7cups\/1.5L; 10cups\/1.8L \u25ceCook and keep warm function \u25ceTempered glass lid \u25ceAluminum inner pot \u25ceAccessories: measuring cup and spoon<\/p>","protected":false},"featured_media":963,"comment_status":"closed","ping_status":"closed","template":"","meta":{"_acf_changed":false},"product_brand":[],"product_cat":[26,30],"product_tag":[],"class_list":{"0":"post-959","1":"product","2":"type-product","3":"status-publish","4":"has-post-thumbnail","6":"product_cat-drum-rice-cooker","7":"product_cat-product","9":"first","10":"instock","11":"shipping-taxable","12":"product-type-simple"},"acf":[],"_links":{"self":[{"href":"https:\/\/cn-fullsun.com\/vi\/wp-json\/wp\/v2\/product\/959","targetHints":{"allow":["GET"]}}],"collection":[{"href":"https:\/\/cn-fullsun.com\/vi\/wp-json\/wp\/v2\/product"}],"about":[{"href":"https:\/\/cn-fullsun.com\/vi\/wp-json\/wp\/v2\/types\/product"}],"replies":[{"embeddable":true,"href":"https:\/\/cn-fullsun.com\/vi\/wp-json\/wp\/v2\/comments?post=959"}],"wp:featuredmedia":[{"embeddable":true,"href":"https:\/\/cn-fullsun.com\/vi\/wp-json\/wp\/v2\/media\/963"}],"wp:attachment":[{"href":"https:\/\/cn-fullsun.com\/vi\/wp-json\/wp\/v2\/media?parent=959"}],"wp:term":[{"taxonomy":"product_brand","embeddable":true,"href":"https:\/\/cn-fullsun.com\/vi\/wp-json\/wp\/v2\/product_brand?post=959"},{"taxonomy":"product_cat","embeddable":true,"href":"https:\/\/cn-fullsun.com\/vi\/wp-json\/wp\/v2\/product_cat?post=959"},{"taxonomy":"product_tag","embeddable":true,"href":"https:\/\/cn-fullsun.com\/vi\/wp-json\/wp\/v2\/product_tag?post=959"}],"curies":[{"name":"wp","href":"https:\/\/api.w.org\/{rel}","templated":true}]}}