{"id":964,"date":"2025-03-15T00:46:09","date_gmt":"2025-03-15T00:46:09","guid":{"rendered":"https:\/\/cn-fullsun.com\/?post_type=product&#038;p=964"},"modified":"2025-03-15T08:03:25","modified_gmt":"2025-03-15T08:03:25","slug":"drc3-cb101","status":"publish","type":"product","link":"https:\/\/cn-fullsun.com\/vi\/san-pham\/drc3-cb101\/","title":{"rendered":"DRC3-CB101"},"content":{"rendered":"<p>\u25ce\u0110\u1ed3ng h\u1ed3 h\u1eb9n gi\u1edd c\u01a1 h\u1ecdc quay 90 ph\u00fat (g\u1ea1o th\u01b0\u1eddng\/g\u1ea1o gi\u00f2n)<\/p>\n<p>\u25ceN\u00fat xoay l\u1edbn c\u00f3 ch\u1ec9 b\u00e1o \u0111\u1ed9 n\u00e2u<\/p>\n<p>\u25ceN\u1eafp k\u00ednh c\u01b0\u1eddng l\u1ef1c<\/p>\n<p>\u25ceN\u1ed3i trong b\u1eb1ng nh\u00f4m<\/p>\n<p>\u25ce\u0110\u00e8n b\u00e1o ngu\u1ed3n<\/p>","protected":false},"excerpt":{"rendered":"<p>\u25ce90 minutes mechanical rotary timer (normal rice\/ crispy rice) \u25ceLarge rotary knob with browning indicator \u25ceTempered glass lid \u25ceAluminum inner pot \u25cePower indicator light<\/p>","protected":false},"featured_media":969,"comment_status":"closed","ping_status":"closed","template":"","meta":{"_acf_changed":false},"product_brand":[],"product_cat":[26,30],"product_tag":[],"class_list":{"0":"post-964","1":"product","2":"type-product","3":"status-publish","4":"has-post-thumbnail","6":"product_cat-drum-rice-cooker","7":"product_cat-product","9":"first","10":"instock","11":"shipping-taxable","12":"product-type-simple"},"acf":[],"_links":{"self":[{"href":"https:\/\/cn-fullsun.com\/vi\/wp-json\/wp\/v2\/product\/964","targetHints":{"allow":["GET"]}}],"collection":[{"href":"https:\/\/cn-fullsun.com\/vi\/wp-json\/wp\/v2\/product"}],"about":[{"href":"https:\/\/cn-fullsun.com\/vi\/wp-json\/wp\/v2\/types\/product"}],"replies":[{"embeddable":true,"href":"https:\/\/cn-fullsun.com\/vi\/wp-json\/wp\/v2\/comments?post=964"}],"wp:featuredmedia":[{"embeddable":true,"href":"https:\/\/cn-fullsun.com\/vi\/wp-json\/wp\/v2\/media\/969"}],"wp:attachment":[{"href":"https:\/\/cn-fullsun.com\/vi\/wp-json\/wp\/v2\/media?parent=964"}],"wp:term":[{"taxonomy":"product_brand","embeddable":true,"href":"https:\/\/cn-fullsun.com\/vi\/wp-json\/wp\/v2\/product_brand?post=964"},{"taxonomy":"product_cat","embeddable":true,"href":"https:\/\/cn-fullsun.com\/vi\/wp-json\/wp\/v2\/product_cat?post=964"},{"taxonomy":"product_tag","embeddable":true,"href":"https:\/\/cn-fullsun.com\/vi\/wp-json\/wp\/v2\/product_tag?post=964"}],"curies":[{"name":"wp","href":"https:\/\/api.w.org\/{rel}","templated":true}]}}