{"id":973,"date":"2025-03-15T00:55:11","date_gmt":"2025-03-15T00:55:11","guid":{"rendered":"https:\/\/cn-fullsun.com\/?post_type=product&#038;p=973"},"modified":"2025-03-15T08:04:20","modified_gmt":"2025-03-15T08:04:20","slug":"drc10-a103","status":"publish","type":"product","link":"https:\/\/cn-fullsun.com\/vi\/san-pham\/drc10-a103\/","title":{"rendered":"DRC10-A103"},"content":{"rendered":"<p>\u25ceN\u1ea5u v\u00e0 gi\u1eef \u1ea5m t\u1ef1 \u0111\u1ed9ng<\/p>\n<p>\u25ceN\u1eafp b\u1eb1ng th\u00e9p kh\u00f4ng g\u1ec9 \/ K\u00ednh c\u01b0\u1eddng l\u1ef1c<\/p>\n<p>\u25ceN\u1ed3i trong b\u1eb1ng nh\u00f4m<\/p>\n<p>\u25cePh\u1ee5 ki\u1ec7n: c\u1ed1c \u0111o v\u00e0 th\u00eca<\/p>","protected":false},"excerpt":{"rendered":"<p>\u25ceCook and keep warm automatically \u25ceStainless steel \/Tempered glass lid \u25ceAluminum inner pot \u25ceAccessories: measuring cup and spoon<\/p>","protected":false},"featured_media":979,"comment_status":"closed","ping_status":"closed","template":"","meta":{"_acf_changed":false},"product_brand":[],"product_cat":[26,30],"product_tag":[],"class_list":{"0":"post-973","1":"product","2":"type-product","3":"status-publish","4":"has-post-thumbnail","6":"product_cat-drum-rice-cooker","7":"product_cat-product","9":"first","10":"instock","11":"shipping-taxable","12":"product-type-simple"},"acf":[],"_links":{"self":[{"href":"https:\/\/cn-fullsun.com\/vi\/wp-json\/wp\/v2\/product\/973","targetHints":{"allow":["GET"]}}],"collection":[{"href":"https:\/\/cn-fullsun.com\/vi\/wp-json\/wp\/v2\/product"}],"about":[{"href":"https:\/\/cn-fullsun.com\/vi\/wp-json\/wp\/v2\/types\/product"}],"replies":[{"embeddable":true,"href":"https:\/\/cn-fullsun.com\/vi\/wp-json\/wp\/v2\/comments?post=973"}],"wp:featuredmedia":[{"embeddable":true,"href":"https:\/\/cn-fullsun.com\/vi\/wp-json\/wp\/v2\/media\/979"}],"wp:attachment":[{"href":"https:\/\/cn-fullsun.com\/vi\/wp-json\/wp\/v2\/media?parent=973"}],"wp:term":[{"taxonomy":"product_brand","embeddable":true,"href":"https:\/\/cn-fullsun.com\/vi\/wp-json\/wp\/v2\/product_brand?post=973"},{"taxonomy":"product_cat","embeddable":true,"href":"https:\/\/cn-fullsun.com\/vi\/wp-json\/wp\/v2\/product_cat?post=973"},{"taxonomy":"product_tag","embeddable":true,"href":"https:\/\/cn-fullsun.com\/vi\/wp-json\/wp\/v2\/product_tag?post=973"}],"curies":[{"name":"wp","href":"https:\/\/api.w.org\/{rel}","templated":true}]}}